{"id":9,"date":"2018-05-04T14:38:23","date_gmt":"2018-05-04T20:38:23","guid":{"rendered":"http:\/\/innertalent.holdworkshop.com\/?page_id=9"},"modified":"2018-10-26T11:41:56","modified_gmt":"2018-10-26T17:41:56","slug":"talento-individual","status":"publish","type":"page","link":"https:\/\/innertalentcoaching.com\/en\/talento-individual\/","title":{"rendered":"DIAGNOSIS OF THE INDIVIDUAL POTENTIAL"},"content":{"rendered":"<p>El estudio cient\u00edfico de las fortalezas innatas son el coraz\u00f3n de nuestros m\u00e9todos de diagn\u00f3stico del potencial interno.<br \/>\nUsamos herramientas validas y confiables reconocidas a nivel internacional, tales como:<\/p>\n","protected":false},"excerpt":{"rendered":"<p>El estudio cient\u00edfico de las fortalezas innatas son el coraz\u00f3n de nuestros m\u00e9todos de diagn\u00f3stico del potencial interno. Usamos herramientas validas y confiables reconocidas a nivel internacional, tales como:<\/p>\n","protected":false},"author":1,"featured_media":178,"parent":0,"menu_order":0,"comment_status":"closed","ping_status":"closed","template":"","meta":{"footnotes":""},"class_list":["post-9","page","type-page","status-publish","has-post-thumbnail","hentry"],"_links":{"self":[{"href":"https:\/\/innertalentcoaching.com\/en\/wp-json\/wp\/v2\/pages\/9","targetHints":{"allow":["GET"]}}],"collection":[{"href":"https:\/\/innertalentcoaching.com\/en\/wp-json\/wp\/v2\/pages"}],"about":[{"href":"https:\/\/innertalentcoaching.com\/en\/wp-json\/wp\/v2\/types\/page"}],"author":[{"embeddable":true,"href":"https:\/\/innertalentcoaching.com\/en\/wp-json\/wp\/v2\/users\/1"}],"replies":[{"embeddable":true,"href":"https:\/\/innertalentcoaching.com\/en\/wp-json\/wp\/v2\/comments?post=9"}],"version-history":[{"count":6,"href":"https:\/\/innertalentcoaching.com\/en\/wp-json\/wp\/v2\/pages\/9\/revisions"}],"predecessor-version":[{"id":237,"href":"https:\/\/innertalentcoaching.com\/en\/wp-json\/wp\/v2\/pages\/9\/revisions\/237"}],"wp:featuredmedia":[{"embeddable":true,"href":"https:\/\/innertalentcoaching.com\/en\/wp-json\/wp\/v2\/media\/178"}],"wp:attachment":[{"href":"https:\/\/innertalentcoaching.com\/en\/wp-json\/wp\/v2\/media?parent=9"}],"curies":[{"name":"wp","href":"https:\/\/api.w.org\/{rel}","templated":true}]}}